{"id":7,"date":"2023-09-29T19:12:17","date_gmt":"2023-09-29T19:12:17","guid":{"rendered":"https:\/\/en-estudio.com\/?page_id=7"},"modified":"2024-01-08T16:11:55","modified_gmt":"2024-01-08T16:11:55","slug":"home","status":"publish","type":"page","link":"https:\/\/en-estudio.com\/","title":{"rendered":"Home"},"content":{"rendered":"<p>[et_pb_section fb_built=&#8221;1&#8243; disabled_on=&#8221;off|off|on&#8221; _builder_version=&#8221;4.21.0&#8243; _module_preset=&#8221;default&#8221; custom_margin=&#8221;-3%||||false|false&#8221; custom_margin_tablet=&#8221;0px|0px|0px|0px|false|false&#8221; custom_margin_phone=&#8221;0px|0px|0px|0px|false|false&#8221; custom_margin_last_edited=&#8221;on|tablet&#8221; custom_padding=&#8221;0px|0px|0px|0px|false|false&#8221; hover_enabled=&#8221;0&#8243; global_colors_info=&#8221;{}&#8221; sticky_enabled=&#8221;0&#8243; admin_label=&#8221;Mobile&#8221;][et_pb_row _builder_version=&#8221;4.21.0&#8243; _module_preset=&#8221;default&#8221; width_tablet=&#8221;100%&#8221; width_phone=&#8221;100%&#8221; width_last_edited=&#8221;on|tablet&#8221; custom_margin_tablet=&#8221;0px|0px|0px|0px|false|false&#8221; custom_margin_phone=&#8221;0px|0px|0px|0px|false|false&#8221; custom_margin_last_edited=&#8221;on|tablet&#8221; custom_padding=&#8221;0px|0px|0px|0px|false|false&#8221; global_colors_info=&#8221;{}&#8221;][et_pb_column type=&#8221;4_4&#8243; _builder_version=&#8221;4.21.0&#8243; _module_preset=&#8221;default&#8221; global_colors_info=&#8221;{}&#8221;][lwp_overlay_image src=&#8221;https:\/\/en-estudio.com\/wp-content\/uploads\/2023\/10\/LasLomas_Posterior-Sq.jpg&#8221; _builder_version=&#8221;4.21.0&#8243; _module_preset=&#8221;default&#8221; hover_enabled=&#8221;0&#8243; global_colors_info=&#8221;{}&#8221; sticky_enabled=&#8221;0&#8243;]<\/p>\n<p>Your Content Goes Here<\/p>\n<p>[\/lwp_overlay_image][et_pb_text _builder_version=&#8221;4.21.0&#8243; _module_preset=&#8221;default&#8221; header_font=&#8221;|700|||||||&#8221; header_text_color=&#8221;#FFFFFF&#8221; header_font_size=&#8221;14px&#8221; header_line_height=&#8221;1.4em&#8221; header_3_font=&#8221;Almarai|||on|||||&#8221; header_3_font_size=&#8221;11px&#8221; header_3_letter_spacing=&#8221;1px&#8221; header_3_line_height=&#8221;1.7em&#8221; header_4_font_size=&#8221;20px&#8221; custom_margin=&#8221;0px||||false|false&#8221; custom_margin_tablet=&#8221;-10%|||15px|false|false&#8221; custom_margin_phone=&#8221;-20%|||7%|false|false&#8221; custom_margin_last_edited=&#8221;on|tablet&#8221; global_colors_info=&#8221;{}&#8221;]<\/p>\n<h1>CONDOMINIO LAS LOMAS<\/h1>\n<p>[\/et_pb_text][\/et_pb_column][\/et_pb_row][\/et_pb_section][et_pb_section fb_built=&#8221;1&#8243; disabled_on=&#8221;on|on|off&#8221; admin_label=&#8221;Big hero image&#8221; _builder_version=&#8221;4.21.0&#8243; _module_preset=&#8221;default&#8221; background_color=&#8221;#eaeaea&#8221; background_image=&#8221;https:\/\/en-estudio.com\/wp-content\/uploads\/2023\/09\/cover_laslomas2.jpg&#8221; background_size=&#8221;custom&#8221; background_image_width=&#8221;100%&#8221; background_image_height=&#8221;0%&#8221; background_position=&#8221;bottom_center&#8221; min_height=&#8221;100vh&#8221; min_height_tablet=&#8221;100vh&#8221; min_height_phone=&#8221;100%&#8221; min_height_last_edited=&#8221;on|phone&#8221; custom_margin_tablet=&#8221;&#8221; custom_margin_phone=&#8221;0px|0px|0px|0px|false|false&#8221; custom_margin_last_edited=&#8221;on|phone&#8221; custom_padding=&#8221;0px|0px|0px|0px|false|false&#8221; link_option_url=&#8221;https:\/\/en-estudio.com\/index.php\/residencia-las-lomas\/&#8221; hover_enabled=&#8221;0&#8243; collapsed=&#8221;off&#8221; global_colors_info=&#8221;{}&#8221; sticky_enabled=&#8221;0&#8243;][\/et_pb_section][et_pb_section fb_built=&#8221;1&#8243; disabled_on=&#8221;on|on|off&#8221; _builder_version=&#8221;4.21.0&#8243; _module_preset=&#8221;default&#8221; custom_margin=&#8221;|0px|7%|0px|false|false&#8221; custom_padding=&#8221;0px|0px|0px||false|false&#8221; hover_enabled=&#8221;0&#8243; global_colors_info=&#8221;{}&#8221; sticky_enabled=&#8221;0&#8243; admin_label=&#8221;texto sobre big hero&#8221;][et_pb_row _builder_version=&#8221;4.21.0&#8243; _module_preset=&#8221;default&#8221; custom_margin=&#8221;0px||0px||false|false&#8221; custom_padding=&#8221;0px||0px||false|false&#8221; hover_enabled=&#8221;0&#8243; global_colors_info=&#8221;{}&#8221; sticky_enabled=&#8221;0&#8243;][et_pb_column type=&#8221;4_4&#8243; _builder_version=&#8221;4.21.0&#8243; _module_preset=&#8221;default&#8221; global_colors_info=&#8221;{}&#8221;][et_pb_text _builder_version=&#8221;4.21.0&#8243; _module_preset=&#8221;default&#8221; header_4_font=&#8221;|600|||||||&#8221; header_4_text_color=&#8221;#FFFFFF&#8221; header_4_font_size=&#8221;16px&#8221; custom_margin=&#8221;-7%||0px||false|false&#8221; custom_padding=&#8221;0px||0px||false|false&#8221; link_option_url=&#8221;https:\/\/en-estudio.com\/index.php\/residencia-las-lomas\/&#8221; hover_enabled=&#8221;0&#8243; global_colors_info=&#8221;{}&#8221; sticky_enabled=&#8221;0&#8243;]<\/p>\n<div class=\"et_pb_module et_pb_text et_pb_text_0  et_pb_text_align_left et_pb_bg_layout_light\">\n<div class=\"et_pb_text_inner\">\n<div class=\"page\" title=\"Page 2\">\n<div class=\"layoutArea\">\n<div class=\"column\">\n<div class=\"page\" title=\"Page 2\">\n<div class=\"layoutArea\">\n<div class=\"column\">\n<h4>CONDOMINIO LAS LOMAS | Guayaquil &#8211; Ecuador<\/h4>\n<\/div>\n<\/div>\n<\/div>\n<\/div>\n<\/div>\n<\/div>\n<\/div>\n<\/div>\n<div class=\"et_pb_module et_pb_text et_pb_text_1  et_pb_text_align_left et_pb_bg_layout_light\">\n<div class=\"et_pb_text_inner\">\n<p>&nbsp;<\/p>\n<\/div>\n<\/div>\n<p>[\/et_pb_text][\/et_pb_column][\/et_pb_row][\/et_pb_section][et_pb_section fb_built=&#8221;1&#8243; admin_label=&#8221;Proyecto&#8221; _builder_version=&#8221;4.21.0&#8243; _module_preset=&#8221;default&#8221; background_color=&#8221;#eaeaea&#8221; background_enable_image=&#8221;off&#8221; background_size=&#8221;custom&#8221; background_image_width=&#8221;41%&#8221; background_position=&#8221;bottom_right&#8221; custom_margin=&#8221;-2%||||false|false&#8221; custom_margin_tablet=&#8221;6%||||false|false&#8221; custom_margin_phone=&#8221;0%||||false|false&#8221; custom_margin_last_edited=&#8221;on|phone&#8221; custom_padding=&#8221;0px||0px||false|false&#8221; hover_enabled=&#8221;0&#8243; collapsed=&#8221;off&#8221; global_colors_info=&#8221;{}&#8221; sticky_enabled=&#8221;0&#8243; custom_padding_last_edited=&#8221;on|tablet&#8221; custom_padding_tablet=&#8221;9%|5%|5%|5%|false|true&#8221; custom_padding_phone=&#8221;9%|5%|5%|5%|false|true&#8221;][et_pb_row column_structure=&#8221;2_3,1_3&#8243; use_custom_gutter=&#8221;on&#8221; make_equal=&#8221;on&#8221; custom_padding_last_edited=&#8221;on|phone&#8221; _builder_version=&#8221;4.21.0&#8243; _module_preset=&#8221;default&#8221; width=&#8221;100%&#8221; max_width=&#8221;100%&#8221; module_alignment=&#8221;center&#8221; custom_margin=&#8221;0px|0px|0px|0px|false|false&#8221; custom_margin_tablet=&#8221;0px|0px|0px|0px|false|false&#8221; custom_margin_phone=&#8221;0px|0px|0px|0px|false|false&#8221; custom_margin_last_edited=&#8221;on|tablet&#8221; custom_padding=&#8221;0px|0px|0px|7%|false|false&#8221; custom_padding_tablet=&#8221;0px|3%|7%|3%|false|true&#8221; custom_padding_phone=&#8221;0px|0px|0px|0%|false|false&#8221; hover_enabled=&#8221;0&#8243; global_colors_info=&#8221;{}&#8221; sticky_enabled=&#8221;0&#8243;][et_pb_column type=&#8221;2_3&#8243; _builder_version=&#8221;4.21.0&#8243; _module_preset=&#8221;default&#8221; background_color=&#8221;RGBA(255,255,255,0)&#8221; custom_padding=&#8221;0px|0px|0px|0px|true|true&#8221; global_colors_info=&#8221;{}&#8221;][et_pb_image src=&#8221;https:\/\/en-estudio.com\/wp-content\/uploads\/2023\/10\/industrialmolinera.jpeg&#8221; title_text=&#8221;industrialmolinera&#8221; url=&#8221;https:\/\/en-estudio.com\/index.php\/rehabilitacion-industrial-molinera\/&#8221; _builder_version=&#8221;4.21.0&#8243; _module_preset=&#8221;default&#8221; width=&#8221;100%&#8221; custom_margin=&#8221;0px|0px|0px|-1px|false|false&#8221; custom_margin_tablet=&#8221;0px|0px|0px|-1px|false|false&#8221; custom_margin_phone=&#8221;0px|0px|0px|0px|false|false&#8221; custom_margin_last_edited=&#8221;on|phone&#8221; custom_padding=&#8221;3px|0px|0px|0px|false|false&#8221; custom_padding_tablet=&#8221;0px|0px|0px|0px|false|false&#8221; custom_padding_phone=&#8221;0px|0px|0px|0px|false|false&#8221; custom_padding_last_edited=&#8221;on|phone&#8221; global_colors_info=&#8221;{}&#8221;][\/et_pb_image][\/et_pb_column][et_pb_column type=&#8221;1_3&#8243; _builder_version=&#8221;4.21.0&#8243; _module_preset=&#8221;default&#8221; custom_padding=&#8221;6%|10%|0%|0px|false|false&#8221; global_colors_info=&#8221;{}&#8221;][et_pb_text _builder_version=&#8221;4.21.0&#8243; _module_preset=&#8221;default&#8221; header_font=&#8221;|700|||||||&#8221; header_font_size=&#8221;24px&#8221; header_line_height=&#8221;1.4em&#8221; header_3_font=&#8221;Almarai|||on|||||&#8221; header_3_font_size=&#8221;11px&#8221; header_3_letter_spacing=&#8221;1px&#8221; header_3_line_height=&#8221;1.7em&#8221; header_4_font_size=&#8221;20px&#8221; custom_margin=&#8221;0px||||false|false&#8221; custom_margin_tablet=&#8221;-6%||||false|false&#8221; custom_margin_phone=&#8221;-6%|||7%|false|false&#8221; custom_margin_last_edited=&#8221;on|phone&#8221; global_colors_info=&#8221;{}&#8221;]<\/p>\n<div class=\"page\" title=\"Page 2\">\n<div class=\"layoutArea\">\n<div class=\"column\">\n<h3><span>la Molinera Industrial est\u00e1 relacionada con la historia de Guayaquil desde sus inicios.\u00a0<\/span><\/h3>\n<\/div>\n<\/div>\n<\/div>\n<p>[\/et_pb_text][et_pb_text _builder_version=&#8221;4.21.0&#8243; _module_preset=&#8221;default&#8221; header_font=&#8221;Cabin|600|||||||&#8221; header_font_size=&#8221;31px&#8221; header_line_height=&#8221;1.2em&#8221; custom_margin=&#8221;-14px||11px||false|false&#8221; custom_margin_tablet=&#8221;-14px||11px||false|false&#8221; custom_margin_phone=&#8221;-14px||11px|7%|false|false&#8221; custom_margin_last_edited=&#8221;on|phone&#8221; custom_padding=&#8221;0px||0px||false|false&#8221; link_option_url=&#8221;https:\/\/en-estudio.com\/index.php\/rehabilitacion-industrial-molinera\/&#8221; global_colors_info=&#8221;{}&#8221;]<\/p>\n<div class=\"page\" title=\"Page 2\">\n<div class=\"layoutArea\">\n<div class=\"column\">\n<div class=\"page\" title=\"Page 2\">\n<div class=\"layoutArea\">\n<div class=\"column\">\n<h1>Rehabilitaci\u00f3n Industrial Molinera<\/h1>\n<\/div>\n<\/div>\n<\/div>\n<\/div>\n<\/div>\n<\/div>\n<p>[\/et_pb_text][et_pb_text _builder_version=&#8221;4.21.0&#8243; _module_preset=&#8221;default&#8221; custom_margin_tablet=&#8221;&#8221; custom_margin_phone=&#8221;|||7%|false|false&#8221; custom_margin_last_edited=&#8221;on|phone&#8221; global_colors_info=&#8221;{}&#8221;]<\/p>\n<p><span>Este proyecto busca un remate ideal, una renovaci\u00f3n que unifique y vincule este espacio a la ciudad, as\u00ed como brindarle una mejor proyecci\u00f3n y dinamismo por medio de un proyecto de uso mixto.<\/span><\/p>\n<p>[\/et_pb_text][et_pb_text _builder_version=&#8221;4.21.0&#8243; _module_preset=&#8221;default&#8221; text_text_color=&#8221;#a5a5a5&#8243; text_font_size=&#8221;13px&#8221; text_line_height=&#8221;1.5em&#8221; custom_margin=&#8221;12px||||false|false&#8221; custom_margin_tablet=&#8221;12px||||false|false&#8221; custom_margin_phone=&#8221;12px||10%|7%|false|false&#8221; custom_margin_last_edited=&#8221;on|phone&#8221; global_colors_info=&#8221;{}&#8221;]<\/p>\n<p style=\"text-align: left;\"><em><strong>Guayaquil &#8211; Ecuador<\/strong><\/em><\/p>\n<p>[\/et_pb_text][\/et_pb_column][\/et_pb_row][\/et_pb_section][et_pb_section fb_built=&#8221;1&#8243; disabled_on=&#8221;off|off|off&#8221; admin_label=&#8221;Video&#8221; _builder_version=&#8221;4.21.0&#8243; _module_preset=&#8221;default&#8221; background_enable_color=&#8221;off&#8221; background_enable_image=&#8221;off&#8221; background_size=&#8221;custom&#8221; background_image_width=&#8221;100%&#8221; background_image_height=&#8221;0%&#8221; background_position=&#8221;bottom_center&#8221; min_height=&#8221;100vh&#8221; min_height_tablet=&#8221;100vh&#8221; min_height_phone=&#8221;100%&#8221; min_height_last_edited=&#8221;on|phone&#8221; custom_margin=&#8221;5%||0px||false|false&#8221; custom_padding=&#8221;0px|0px|0px|0px|false|false&#8221; hover_enabled=&#8221;0&#8243; global_colors_info=&#8221;{}&#8221; sticky_enabled=&#8221;0&#8243; custom_margin_last_edited=&#8221;on|tablet&#8221; custom_margin_tablet=&#8221;7%|4%|-29%|4%|false|false&#8221; custom_margin_phone=&#8221;0%|0%|0%|0%|false|false&#8221; custom_padding_last_edited=&#8221;on|phone&#8221; custom_padding_phone=&#8221;3%|0%|0%|6%|false|false&#8221; custom_padding_tablet=&#8221;0px|0px|0px|0px|false|false&#8221;][et_pb_row use_custom_gutter=&#8221;on&#8221; make_equal=&#8221;on&#8221; custom_padding_last_edited=&#8221;on|tablet&#8221; _builder_version=&#8221;4.21.0&#8243; _module_preset=&#8221;default&#8221; width=&#8221;100%&#8221; max_width=&#8221;100%&#8221; custom_margin=&#8221;0px||||false|false&#8221; custom_padding=&#8221;0px|||7%|false|false&#8221; custom_padding_tablet=&#8221;3%|6%|0px|6%|false|true&#8221; custom_padding_phone=&#8221;|||0%|false|false&#8221; hover_enabled=&#8221;0&#8243; global_colors_info=&#8221;{}&#8221; custom_margin_last_edited=&#8221;on|phone&#8221; custom_margin_tablet=&#8221;0px||0px||false|false&#8221; sticky_enabled=&#8221;0&#8243; custom_margin_phone=&#8221;0px||0px||false|false&#8221;][et_pb_column type=&#8221;4_4&#8243; _builder_version=&#8221;4.21.0&#8243; _module_preset=&#8221;default&#8221; global_colors_info=&#8221;{}&#8221;][et_pb_video src=&#8221;https:\/\/en-estudio.com\/wp-content\/uploads\/2024\/01\/CASA-DE-LOS-OLIVOS.mp4&#8243; font_icon=&#8221;&#x45;||divi||400&#8243; module_class=&#8221;dm-autoplay&#8221; _builder_version=&#8221;4.21.0&#8243; _module_preset=&#8221;default&#8221; custom_margin=&#8221;0px||||false|false&#8221; custom_padding=&#8221;0px|0%|0px|0%|false|true&#8221; hover_enabled=&#8221;0&#8243; global_colors_info=&#8221;{}&#8221; sticky_enabled=&#8221;0&#8243; custom_margin_last_edited=&#8221;on|tablet&#8221; custom_margin_tablet=&#8221;||0px||false|false&#8221; custom_margin_phone=&#8221;||0px||false|false&#8221;][\/et_pb_video][et_pb_code _builder_version=&#8221;4.21.0&#8243; _module_preset=&#8221;default&#8221; global_colors_info=&#8221;{}&#8221;]<script><!-- [et_pb_line_break_holder] -->jQuery(document).ready(function($) {<!-- [et_pb_line_break_holder] -->if ($('.dm-autoplay .et_pb_video_box').length !== 0) {<!-- [et_pb_line_break_holder] -->$('.dm-autoplay .et_pb_video_box').find('video').prop('muted', true);<!-- [et_pb_line_break_holder] -->$(\".dm-autoplay .et_pb_video_box\").find('video').attr('loop', 'loop');<!-- [et_pb_line_break_holder] -->$(\".dm-autoplay .et_pb_video_box\").find('video').attr('playsInline', '');<!-- [et_pb_line_break_holder] -->$(\".dm-autoplay .et_pb_video_box\").each(function() {<!-- [et_pb_line_break_holder] -->$(this).find('video').get(0).play();<!-- [et_pb_line_break_holder] -->});<!-- [et_pb_line_break_holder] -->$('.dm-autoplay .et_pb_video_box').find('video').removeAttr('controls');<!-- [et_pb_line_break_holder] -->}<!-- [et_pb_line_break_holder] -->});<!-- [et_pb_line_break_holder] --><\/script>[\/et_pb_code][\/et_pb_column][\/et_pb_row][\/et_pb_section][et_pb_section fb_built=&#8221;1&#8243; _builder_version=&#8221;4.21.0&#8243; _module_preset=&#8221;default&#8221; min_height=&#8221;565px&#8221; custom_margin=&#8221;0px||0px||false|false&#8221; custom_padding=&#8221;1%||6%||false|false&#8221; hover_enabled=&#8221;0&#8243; global_colors_info=&#8221;{}&#8221; sticky_enabled=&#8221;0&#8243;][et_pb_row use_custom_gutter=&#8221;on&#8221; gutter_width=&#8221;1&#8243; make_equal=&#8221;on&#8221; custom_padding_last_edited=&#8221;on|phone&#8221; _builder_version=&#8221;4.21.0&#8243; _module_preset=&#8221;default&#8221; width=&#8221;100%&#8221; max_width=&#8221;100%&#8221; module_alignment=&#8221;center&#8221; custom_margin=&#8221;0px|0px|0px|0px|false|false&#8221; custom_margin_tablet=&#8221;0px|0px|0px|0px|false|false&#8221; custom_margin_phone=&#8221;0px|0px|0px|0px|false|false&#8221; custom_margin_last_edited=&#8221;on|phone&#8221; custom_padding=&#8221;0px|3%|0px|10%|false|false&#8221; custom_padding_tablet=&#8221;0px|3%|0px|10%|false|false&#8221; custom_padding_phone=&#8221;5%|3%|0px|6%|false|false&#8221; global_colors_info=&#8221;{}&#8221;][et_pb_column type=&#8221;4_4&#8243; _builder_version=&#8221;4.21.0&#8243; _module_preset=&#8221;default&#8221; global_colors_info=&#8221;{}&#8221;][wdcl_image_carousel animation_speed=&#8221;6400ms&#8221; autoplay_speed=&#8221;2200ms&#8221; is_variable_width=&#8221;on&#8221; slide_width=&#8221;456px&#8221; slide_spacing=&#8221;50px&#8221; slide_to_scroll=&#8221;3&#8243; arrow_height=&#8221;41px&#8221; arrow_icon_size=&#8221;21px&#8221; arrow_color=&#8221;RGBA(255,255,255,0)&#8221; arrow_bg=&#8221;RGBA(255,255,255,0)&#8221; _builder_version=&#8221;4.21.0&#8243; _module_preset=&#8221;default&#8221; width=&#8221;100%&#8221; max_width=&#8221;100%&#8221; global_colors_info=&#8221;{}&#8221;][wdcl_image_carousel_child photo=&#8221;https:\/\/en-estudio.com\/wp-content\/uploads\/2023\/10\/RESIDENCIA-WYD.jpg&#8221; image_height=&#8221;500px&#8221; _builder_version=&#8221;4.21.0&#8243; _module_preset=&#8221;default&#8221; background_image=&#8221;https:\/\/en-estudio.com\/wp-content\/uploads\/2023\/10\/laslomas.jpg&#8221; background_enable_image=&#8221;on&#8221; link_option_url=&#8221;https:\/\/en-estudio.com\/index.php\/residencia-wyd\/&#8221; global_colors_info=&#8221;{}&#8221;][\/wdcl_image_carousel_child][wdcl_image_carousel_child photo=&#8221;https:\/\/en-estudio.com\/wp-content\/uploads\/2023\/10\/molinera-1.jpg&#8221; image_height=&#8221;500px&#8221; _builder_version=&#8221;4.21.0&#8243; _module_preset=&#8221;default&#8221; background_image=&#8221;https:\/\/en-estudio.com\/wp-content\/uploads\/2023\/10\/laslomas.jpg&#8221; background_enable_image=&#8221;on&#8221; link_option_url=&#8221;https:\/\/en-estudio.com\/index.php\/rehabilitacion-industrial-molinera\/&#8221; global_colors_info=&#8221;{}&#8221;][\/wdcl_image_carousel_child][wdcl_image_carousel_child photo=&#8221;https:\/\/en-estudio.com\/wp-content\/uploads\/2023\/10\/canaveral-1.jpg&#8221; image_height=&#8221;500px&#8221; _builder_version=&#8221;4.21.0&#8243; _module_preset=&#8221;default&#8221; background_image=&#8221;https:\/\/en-estudio.com\/wp-content\/uploads\/2023\/10\/molinera-1.jpg&#8221; background_enable_image=&#8221;on&#8221; link_option_url=&#8221;https:\/\/en-estudio.com\/index.php\/proyecto-canaveral\/&#8221; global_colors_info=&#8221;{}&#8221;][\/wdcl_image_carousel_child][wdcl_image_carousel_child photo=&#8221;https:\/\/en-estudio.com\/wp-content\/uploads\/2023\/10\/las-lomas.jpg&#8221; image_height=&#8221;500px&#8221; _builder_version=&#8221;4.21.0&#8243; _module_preset=&#8221;default&#8221; background_image=&#8221;https:\/\/en-estudio.com\/wp-content\/uploads\/2023\/10\/molinera-1.jpg&#8221; background_enable_image=&#8221;on&#8221; link_option_url=&#8221;https:\/\/en-estudio.com\/index.php\/residencia-las-lomas\/&#8221; global_colors_info=&#8221;{}&#8221;][\/wdcl_image_carousel_child][\/wdcl_image_carousel][\/et_pb_column][\/et_pb_row][\/et_pb_section]<\/p>\n","protected":false},"excerpt":{"rendered":"<p><div class=\"et_pb_module lwp_overlay_image lwp_overlay_image_0\">\n\t\t\t\t\n\t\t\t\t\n\t\t\t\t\n\t\t\t\t\n\t\t\t\t\n\t\t\t\t\n\t\t\t\t<div class=\"et_pb_module_inner\">\n\t\t\t\t\t<div class=\"container top \">\r\n\t\t\t<img src=\"https:\/\/en-estudio.com\/wp-content\/uploads\/2023\/10\/LasLomas_Posterior-Sq.jpg\" class=\"image\" width=\"1600\" height=\"1600\" alt=\"\" title=\"\">\r\n\t\t\t<div class=\"overlay fade top\">\r\n\t\t\t\t<div class=\"text lwp_overlay_container\">\r\n\t\t\t\t\t\r\n\t\t\t\t\t\r\n\t\t\t\t\t<div class=\"lwp_overlay_content\">Your Content Goes Here<\/div>\r\n\t\t\t\t\t\r\n\t\t\t\t<\/div>\r\n\t\t\t<\/div>\r\n\t\t<\/div>\n\t\t\t\t<\/div>\n\t\t\t<\/div>CONDOMINIO LAS LOMAS CONDOMINIO LAS LOMAS | Guayaquil &#8211; Ecuador &nbsp; la Molinera Industrial est\u00e1 relacionada con la historia de Guayaquil desde sus inicios.\u00a0 Rehabilitaci\u00f3n Industrial Molinera Este proyecto busca un remate ideal, una renovaci\u00f3n que unifique y vincule este espacio a la ciudad, as\u00ed como [&hellip;]<\/p>\n","protected":false},"author":1,"featured_media":0,"parent":0,"menu_order":0,"comment_status":"closed","ping_status":"closed","template":"","meta":{"_et_pb_use_builder":"on","_et_pb_old_content":"","_et_gb_content_width":"","footnotes":""},"_links":{"self":[{"href":"https:\/\/en-estudio.com\/index.php\/wp-json\/wp\/v2\/pages\/7"}],"collection":[{"href":"https:\/\/en-estudio.com\/index.php\/wp-json\/wp\/v2\/pages"}],"about":[{"href":"https:\/\/en-estudio.com\/index.php\/wp-json\/wp\/v2\/types\/page"}],"author":[{"embeddable":true,"href":"https:\/\/en-estudio.com\/index.php\/wp-json\/wp\/v2\/users\/1"}],"replies":[{"embeddable":true,"href":"https:\/\/en-estudio.com\/index.php\/wp-json\/wp\/v2\/comments?post=7"}],"version-history":[{"count":94,"href":"https:\/\/en-estudio.com\/index.php\/wp-json\/wp\/v2\/pages\/7\/revisions"}],"predecessor-version":[{"id":518,"href":"https:\/\/en-estudio.com\/index.php\/wp-json\/wp\/v2\/pages\/7\/revisions\/518"}],"wp:attachment":[{"href":"https:\/\/en-estudio.com\/index.php\/wp-json\/wp\/v2\/media?parent=7"}],"curies":[{"name":"wp","href":"https:\/\/api.w.org\/{rel}","templated":true}]}}