{"id":36,"date":"2023-09-29T19:39:28","date_gmt":"2023-09-29T19:39:28","guid":{"rendered":"https:\/\/en-estudio.com\/?page_id=36"},"modified":"2023-10-11T16:12:38","modified_gmt":"2023-10-11T16:12:38","slug":"proyecto-canaveral","status":"publish","type":"page","link":"https:\/\/en-estudio.com\/index.php\/proyecto-canaveral\/","title":{"rendered":"Proyecto Canaveral"},"content":{"rendered":"<p>[et_pb_section fb_built=&#8221;1&#8243; disabled_on=&#8221;on|on|off&#8221; _builder_version=&#8221;4.21.0&#8243; _module_preset=&#8221;default&#8221; background_color=&#8221;#ffffff&#8221; custom_margin=&#8221;3%|3%|10%|10%|false|false&#8221; custom_margin_tablet=&#8221;0px|0px|0px|0px|false|false&#8221; custom_margin_phone=&#8221;0px|0px|0px|0px|false|false&#8221; custom_margin_last_edited=&#8221;on|desktop&#8221; custom_padding=&#8221;0%|0px|0px|0px|false|false&#8221; hover_enabled=&#8221;0&#8243; global_colors_info=&#8221;{}&#8221; sticky_enabled=&#8221;0&#8243;][et_pb_row use_custom_gutter=&#8221;on&#8221; gutter_width=&#8221;2&#8243; make_equal=&#8221;on&#8221; _builder_version=&#8221;4.21.0&#8243; _module_preset=&#8221;default&#8221; width=&#8221;65%&#8221; max_width=&#8221;100%&#8221; module_alignment=&#8221;center&#8221; custom_margin=&#8221;0px|0px|0px|0px|false|false&#8221; custom_padding=&#8221;0px|0%|0px|0%|false|false&#8221; global_colors_info=&#8221;{}&#8221;][et_pb_column type=&#8221;4_4&#8243; _builder_version=&#8221;4.19.4&#8243; _module_preset=&#8221;default&#8221; global_colors_info=&#8221;{}&#8221;][et_pb_button button_url=&#8221;https:\/\/en-estudio.com\/index.php\/proyectos\/&#8221; button_text=&#8221;PROYECTOS&#8221; _builder_version=&#8221;4.21.0&#8243; _module_preset=&#8221;default&#8221; custom_button=&#8221;on&#8221; button_text_size=&#8221;13px&#8221; button_text_color=&#8221;#999999&#8243; button_bg_color=&#8221;RGBA(255,255,255,0)&#8221; button_border_color=&#8221;RGBA(255,255,255,0)&#8221; button_font=&#8221;Almarai||||||||&#8221; button_icon=&#8221;&#x23;||divi||400&#8243; button_icon_color=&#8221;#000000&#8243; button_icon_placement=&#8221;left&#8221; button_on_hover=&#8221;off&#8221; custom_margin=&#8221;-7px|0px|6.3%|2%|false|false&#8221; custom_padding=&#8221;0px|0px|0px|0px|false|false&#8221; global_colors_info=&#8221;{}&#8221;][\/et_pb_button][et_pb_text _builder_version=&#8221;4.21.0&#8243; _module_preset=&#8221;default&#8221; header_font=&#8221;Almarai|700|||||||&#8221; header_font_size=&#8221;25px&#8221; header_line_height=&#8221;1.2em&#8221; min_height=&#8221;39.4px&#8221; custom_margin=&#8221;1px||-1px||false|false&#8221; custom_padding=&#8221;0px||0px||false|false&#8221; locked=&#8221;off&#8221; global_colors_info=&#8221;{}&#8221;]<\/p>\n<div class=\"page\" title=\"Page 2\">\n<div class=\"layoutArea\">\n<div class=\"column\">\n<div class=\"page\" title=\"Page 2\">\n<div class=\"layoutArea\">\n<div class=\"column\">\n<h1><span>RESIDENCIAS CANAVERAL<\/span><\/h1>\n<\/div>\n<\/div>\n<\/div>\n<\/div>\n<\/div>\n<\/div>\n<p>[\/et_pb_text][et_pb_text _builder_version=&#8221;4.19.4&#8243; _module_preset=&#8221;default&#8221; text_font=&#8221;||||||||&#8221; text_line_height=&#8221;2.1em&#8221; custom_margin=&#8221;1.4%|7%|||false|false&#8221; global_colors_info=&#8221;{}&#8221;]<\/p>\n<p><strong>A\u00f1o:<\/strong> 2022<br \/><strong>\u00c1rea \u00fatil de construcci\u00f3n:<\/strong> 825.71 m2<br \/><strong>\u00c1rea total del terreno:<\/strong> 1150 m2<br \/><strong>Tipo de proyecto:<\/strong> Residencial<br \/><strong>Estado del Proyecto:<\/strong> Dise\u00f1o<\/p>\n<p>[\/et_pb_text][et_pb_text _builder_version=&#8221;4.19.4&#8243; _module_preset=&#8221;default&#8221; text_font=&#8221;||||||||&#8221; text_font_size=&#8221;13px&#8221; text_line_height=&#8221;1.9em&#8221; custom_margin=&#8221;|7%|||false|false&#8221; locked=&#8221;off&#8221; global_colors_info=&#8221;{}&#8221;]<\/p>\n<p>Este proyecto se plantea como un conjunto cerrado de viviendas multifamiliares. Nace de la exploraci\u00f3n de la tipolog\u00eda Town Houses. La idea subyace en buscar la eficiencia y confort de unidades habitacionales aprovechando la verticalidad del terreno, y las cualidades paisaj\u00edsticas del sitio en las que se encuentra implantado.<\/p>\n<p>\u00a0El proyecto cuenta con cuatro unidades de vivienda, dos departamentos frontales distribuidos en dos niveles en los que se implementan patios y dobles alturas. Estos departamentos cuentan con amplias terrazas adyacente a la playa. En la parte posterior se ubican dos unidades de vivienda adosadas, distribuidas en tres plantas, con mayor amplitud en sus estancias, ubicadas en un z\u00f3calo el cual buscar darle vista a la playa a todas las plantas de la vivienda.<\/p>\n<p>Estas viviendas se ubican adyacentes al \u00e1rea social del conjunto, cada vivienda cuenta con zona de BBQ independiente. El \u00e1rea social busca engranar todas las zonas del proyecto mediante sus l\u00edneas, y espacios se articulan y ordenan todas las circulaciones que se desarrollan en el sitio.<\/p>\n<p>&nbsp;<\/p>\n<p>[\/et_pb_text][\/et_pb_column][\/et_pb_row][et_pb_row use_custom_gutter=&#8221;on&#8221; gutter_width=&#8221;2&#8243; make_equal=&#8221;on&#8221; _builder_version=&#8221;4.19.4&#8243; _module_preset=&#8221;default&#8221; width=&#8221;100%&#8221; max_width=&#8221;100%&#8221; module_alignment=&#8221;center&#8221; custom_margin=&#8221;0px|0px|0px|0px|false|false&#8221; custom_padding=&#8221;0px|0%|0px|0%|false|false&#8221; global_colors_info=&#8221;{}&#8221;][et_pb_column type=&#8221;4_4&#8243; _builder_version=&#8221;4.19.4&#8243; _module_preset=&#8221;default&#8221; global_colors_info=&#8221;{}&#8221;][et_pb_image src=&#8221;https:\/\/en-estudio.com\/wp-content\/uploads\/2023\/09\/Imagen-Running.jpg&#8221; title_text=&#8221;Imagen-Running&#8221; _builder_version=&#8221;4.19.4&#8243; _module_preset=&#8221;default&#8221; global_colors_info=&#8221;{}&#8221; align=&#8221;center&#8221; width=&#8221;65%&#8221;][\/et_pb_image][et_pb_image src=&#8221;https:\/\/en-estudio.com\/wp-content\/uploads\/2023\/10\/Proyecto-Canaveral-001_C.jpg&#8221; title_text=&#8221;Proyecto-Canaveral-001_C&#8221; _builder_version=&#8221;4.21.0&#8243; _module_preset=&#8221;default&#8221; global_colors_info=&#8221;{}&#8221; align=&#8221;center&#8221; width=&#8221;65%&#8221; custom_padding=&#8221;12%||10%||false|false&#8221; hover_enabled=&#8221;0&#8243; sticky_enabled=&#8221;0&#8243;][\/et_pb_image][et_pb_image src=&#8221;https:\/\/en-estudio.com\/wp-content\/uploads\/2023\/09\/Departamento-1-Interior-con-persona.jpg&#8221; title_text=&#8221;Departamento-1-Interior-con-persona&#8221; _builder_version=&#8221;4.19.4&#8243; _module_preset=&#8221;default&#8221; global_colors_info=&#8221;{}&#8221; align=&#8221;center&#8221; width=&#8221;65%&#8221;][\/et_pb_image][et_pb_image src=&#8221;https:\/\/en-estudio.com\/wp-content\/uploads\/2023\/09\/Imagen-Parqueo-con-Personas.jpg&#8221; title_text=&#8221;Imagen-Parqueo-con-Personas&#8221; _builder_version=&#8221;4.19.4&#8243; _module_preset=&#8221;default&#8221; global_colors_info=&#8221;{}&#8221; sticky_enabled=&#8221;0&#8243; align=&#8221;center&#8221; width=&#8221;65%&#8221;][\/et_pb_image][et_pb_image src=&#8221;https:\/\/en-estudio.com\/wp-content\/uploads\/2023\/09\/Imagen-Piscina-1-con-personas-2.jpg&#8221; title_text=&#8221;Imagen-Piscina-1-con-personas-2&#8243; _builder_version=&#8221;4.19.4&#8243; _module_preset=&#8221;default&#8221; global_colors_info=&#8221;{}&#8221; align=&#8221;center&#8221; width=&#8221;65%&#8221;][\/et_pb_image][et_pb_image src=&#8221;https:\/\/en-estudio.com\/wp-content\/uploads\/2023\/09\/Departamento-1-con-personas.jpg&#8221; title_text=&#8221;Departamento-1-con-personas&#8221; _builder_version=&#8221;4.19.4&#8243; _module_preset=&#8221;default&#8221; global_colors_info=&#8221;{}&#8221; align=&#8221;center&#8221; width=&#8221;65%&#8221;][\/et_pb_image][et_pb_image src=&#8221;https:\/\/en-estudio.com\/wp-content\/uploads\/2023\/09\/Departamento-2-con-personas.jpg&#8221; title_text=&#8221;Departamento-2-con-personas&#8221; _builder_version=&#8221;4.19.4&#8243; _module_preset=&#8221;default&#8221; global_colors_info=&#8221;{}&#8221; align=&#8221;center&#8221; width=&#8221;65%&#8221;][\/et_pb_image][\/et_pb_column][\/et_pb_row][\/et_pb_section][et_pb_section fb_built=&#8221;1&#8243; disabled_on=&#8221;off|off|on&#8221; _builder_version=&#8221;4.19.4&#8243; _module_preset=&#8221;default&#8221; background_color=&#8221;#eaeaea&#8221; custom_margin=&#8221;0px|0px|0px|0px|false|false&#8221; custom_margin_tablet=&#8221;0px|0px|0px|0px|false|false&#8221; custom_margin_phone=&#8221;0px|0px|0px|0px|false|false&#8221; custom_margin_last_edited=&#8221;on|desktop&#8221; custom_padding=&#8221;6%|0px|10%|0px|false|true&#8221; global_colors_info=&#8221;{}&#8221;][et_pb_row column_structure=&#8221;3_4,1_4&#8243; use_custom_gutter=&#8221;on&#8221; gutter_width=&#8221;2&#8243; _builder_version=&#8221;4.19.4&#8243; _module_preset=&#8221;default&#8221; width=&#8221;100%&#8221; module_alignment=&#8221;center&#8221; custom_margin=&#8221;0px|0px|51px|0px|false|false&#8221; custom_padding=&#8221;0px|0px|0px|0px|false|false&#8221; global_colors_info=&#8221;{}&#8221;][et_pb_column type=&#8221;3_4&#8243; _builder_version=&#8221;4.19.4&#8243; _module_preset=&#8221;default&#8221; global_colors_info=&#8221;{}&#8221;][et_pb_gallery gallery_ids=&#8221;38,44,45,46,47,48,150&#8243; fullwidth=&#8221;on&#8221; _builder_version=&#8221;4.21.0&#8243; _module_preset=&#8221;default&#8221; global_colors_info=&#8221;{}&#8221;][\/et_pb_gallery][et_pb_text _builder_version=&#8221;4.19.4&#8243; _module_preset=&#8221;default&#8221; header_font=&#8221;Cabin|700|||||||&#8221; header_font_size=&#8221;23px&#8221; header_line_height=&#8221;1.2em&#8221; custom_margin=&#8221;0px|4%|0%|4%|false|false&#8221; custom_padding=&#8221;0px||0px||false|false&#8221; locked=&#8221;off&#8221; global_colors_info=&#8221;{}&#8221;]<\/p>\n<div class=\"page\" title=\"Page 2\">\n<div class=\"layoutArea\">\n<div class=\"column\">\n<div class=\"page\" title=\"Page 2\">\n<div class=\"layoutArea\">\n<div class=\"column\">\n<h1><span>PROYECTO CANAVERAL<\/span><\/h1>\n<\/div>\n<\/div>\n<\/div>\n<\/div>\n<\/div>\n<\/div>\n<p>[\/et_pb_text][et_pb_text _builder_version=&#8221;4.19.4&#8243; _module_preset=&#8221;default&#8221; text_font=&#8221;||||||||&#8221; text_line_height=&#8221;2.1em&#8221; custom_margin=&#8221;4.7%|4%||4%|false|false&#8221; locked=&#8221;off&#8221; global_colors_info=&#8221;{}&#8221;]<\/p>\n<p><strong>A\u00f1o:<\/strong> 2022<br \/><strong>\u00c1rea \u00fatil de construcci\u00f3n:<\/strong> 825.71 m2<br \/><strong>\u00c1rea total del terreno:<\/strong> 1150 m2<br \/><strong>Tipo de proyecto:<\/strong> Residencial<br \/><strong>Estado del Proyecto:<\/strong> Dise\u00f1o<\/p>\n<p>[\/et_pb_text][\/et_pb_column][et_pb_column type=&#8221;1_4&#8243; _builder_version=&#8221;4.19.4&#8243; _module_preset=&#8221;default&#8221; custom_padding=&#8221;|0px|0px|0px|false|true&#8221; custom_padding_tablet=&#8221;|0px|0px|0px|false|true&#8221; custom_padding_phone=&#8221;|0px|0px|0px|false|true&#8221; custom_padding_last_edited=&#8221;on|desktop&#8221; global_colors_info=&#8221;{}&#8221;][et_pb_text _builder_version=&#8221;4.19.4&#8243; _module_preset=&#8221;default&#8221; text_font=&#8221;||||||||&#8221; text_line_height=&#8221;1.9em&#8221; custom_margin=&#8221;-8px|4%||4%|false|false&#8221; locked=&#8221;off&#8221; global_colors_info=&#8221;{}&#8221;]<\/p>\n<p>Este proyecto se plantea como un conjunto cerrado de viviendas multifamiliares. Nace de la exploraci\u00f3n de la tipolog\u00eda Town Houses. La idea subyace en buscar la eficiencia y confort de unidades habitacionales aprovechando la verticalidad del terreno, y las cualidades paisaj\u00edsticas del sitio en las que se encuentra implantado. El proyecto cuenta con cuatro unidades de vivienda, dos departamentos frontales distribuidos en dos niveles en los que se implementan patios y dobles alturas. Estos departamentos cuentan con amplias terrazas adyacente a la playa. En la parte posterior se ubican dos unidades de vivienda adosadas, distribuidas en tres plantas, con mayor amplitud en sus estancias, ubicadas en un z\u00f3calo el cual buscar darle vista a la playa a todas las plantas de la vivienda. Estas viviendas se ubican adyacentes al \u00e1rea social del conjunto, cada vivienda cuenta con zona de BBQ independiente. El \u00e1rea social busca engranar todas las zonas del proyecto mediante sus l\u00edneas, y espacios se articulan y ordenan todas las circulaciones que se desarrollan en el sitio.<\/p>\n<p>[\/et_pb_text][\/et_pb_column][\/et_pb_row][\/et_pb_section]<\/p>\n","protected":false},"excerpt":{"rendered":"<p>RESIDENCIAS CANAVERAL A\u00f1o: 2022\u00c1rea \u00fatil de construcci\u00f3n: 825.71 m2\u00c1rea total del terreno: 1150 m2Tipo de proyecto: ResidencialEstado del Proyecto: Dise\u00f1oEste proyecto se plantea como un conjunto cerrado de viviendas multifamiliares. Nace de la exploraci\u00f3n de la tipolog\u00eda Town Houses. La idea subyace en buscar la eficiencia y confort de unidades habitacionales aprovechando la verticalidad del [&hellip;]<\/p>\n","protected":false},"author":1,"featured_media":0,"parent":0,"menu_order":0,"comment_status":"closed","ping_status":"closed","template":"","meta":{"_et_pb_use_builder":"on","_et_pb_old_content":"","_et_gb_content_width":"","footnotes":""},"_links":{"self":[{"href":"https:\/\/en-estudio.com\/index.php\/wp-json\/wp\/v2\/pages\/36"}],"collection":[{"href":"https:\/\/en-estudio.com\/index.php\/wp-json\/wp\/v2\/pages"}],"about":[{"href":"https:\/\/en-estudio.com\/index.php\/wp-json\/wp\/v2\/types\/page"}],"author":[{"embeddable":true,"href":"https:\/\/en-estudio.com\/index.php\/wp-json\/wp\/v2\/users\/1"}],"replies":[{"embeddable":true,"href":"https:\/\/en-estudio.com\/index.php\/wp-json\/wp\/v2\/comments?post=36"}],"version-history":[{"count":15,"href":"https:\/\/en-estudio.com\/index.php\/wp-json\/wp\/v2\/pages\/36\/revisions"}],"predecessor-version":[{"id":367,"href":"https:\/\/en-estudio.com\/index.php\/wp-json\/wp\/v2\/pages\/36\/revisions\/367"}],"wp:attachment":[{"href":"https:\/\/en-estudio.com\/index.php\/wp-json\/wp\/v2\/media?parent=36"}],"curies":[{"name":"wp","href":"https:\/\/api.w.org\/{rel}","templated":true}]}}