{"id":130,"date":"2023-10-02T08:21:26","date_gmt":"2023-10-02T08:21:26","guid":{"rendered":"https:\/\/en-estudio.com\/?page_id=130"},"modified":"2023-10-21T08:51:59","modified_gmt":"2023-10-21T08:51:59","slug":"residencia-las-lomas","status":"publish","type":"page","link":"https:\/\/en-estudio.com\/index.php\/residencia-las-lomas\/","title":{"rendered":"Residencia Las Lomas"},"content":{"rendered":"<p>[et_pb_section fb_built=&#8221;1&#8243; disabled_on=&#8221;on|on|off&#8221; _builder_version=&#8221;4.21.0&#8243; _module_preset=&#8221;default&#8221; background_color=&#8221;#ffffff&#8221; background_image=&#8221;https:\/\/en-estudio.com\/wp-content\/uploads\/2023\/10\/Mesa-de-trabajo-2_1fondo2.png&#8221; background_size=&#8221;custom&#8221; background_image_width=&#8221;36%&#8221; background_position=&#8221;bottom_right&#8221; background_repeat=&#8221;repeat-y&#8221; custom_margin=&#8221;|0px|0px|0px|false|false&#8221; custom_margin_tablet=&#8221;0px|0px|0px|0px|false|false&#8221; custom_margin_phone=&#8221;0px|0px|0px|0px|false|false&#8221; custom_margin_last_edited=&#8221;on|desktop&#8221; custom_padding=&#8221;3%|3%|10%|10%|false|false&#8221; global_colors_info=&#8221;{}&#8221;][et_pb_row use_custom_gutter=&#8221;on&#8221; gutter_width=&#8221;2&#8243; make_equal=&#8221;on&#8221; _builder_version=&#8221;4.21.0&#8243; _module_preset=&#8221;default&#8221; width=&#8221;65%&#8221; max_width=&#8221;100%&#8221; module_alignment=&#8221;center&#8221; custom_margin=&#8221;0px|0px|0px|0px|false|false&#8221; custom_padding=&#8221;0px|0%|0px|0%|false|false&#8221; global_colors_info=&#8221;{}&#8221;][et_pb_column type=&#8221;4_4&#8243; _builder_version=&#8221;4.19.4&#8243; _module_preset=&#8221;default&#8221; global_colors_info=&#8221;{}&#8221;][et_pb_button button_url=&#8221;https:\/\/en-estudio.com\/index.php\/proyectos\/&#8221; button_text=&#8221;PROYECTOS&#8221; _builder_version=&#8221;4.21.0&#8243; _module_preset=&#8221;default&#8221; custom_button=&#8221;on&#8221; button_text_size=&#8221;13px&#8221; button_text_color=&#8221;#999999&#8243; button_bg_color=&#8221;RGBA(255,255,255,0)&#8221; button_border_color=&#8221;RGBA(255,255,255,0)&#8221; button_font=&#8221;Almarai||||||||&#8221; button_icon=&#8221;&#x23;||divi||400&#8243; button_icon_color=&#8221;#000000&#8243; button_icon_placement=&#8221;left&#8221; button_on_hover=&#8221;off&#8221; custom_margin=&#8221;-7px|0px|4.7%|2%|false|false&#8221; custom_padding=&#8221;0px|0px|0px|0px|false|false&#8221; locked=&#8221;off&#8221; global_colors_info=&#8221;{}&#8221;][\/et_pb_button][et_pb_text _builder_version=&#8221;4.21.0&#8243; _module_preset=&#8221;default&#8221; header_font=&#8221;Almarai|700|||||||&#8221; header_font_size=&#8221;23px&#8221; header_line_height=&#8221;1.2em&#8221; min_height=&#8221;39.4px&#8221; custom_margin=&#8221;1px||-1px||false|false&#8221; custom_padding=&#8221;0px||0px||false|false&#8221; locked=&#8221;off&#8221; global_colors_info=&#8221;{}&#8221;]<\/p>\n<div class=\"page\" title=\"Page 2\">\n<div class=\"layoutArea\">\n<div class=\"column\">\n<div class=\"page\" title=\"Page 2\">\n<div class=\"layoutArea\">\n<div class=\"column\">\n<h1>CONDOMINIO LAS LOMAS<\/h1>\n<\/div>\n<\/div>\n<\/div>\n<\/div>\n<\/div>\n<\/div>\n<p>[\/et_pb_text][et_pb_text _builder_version=&#8221;4.21.0&#8243; _module_preset=&#8221;default&#8221; text_font=&#8221;||||||||&#8221; text_line_height=&#8221;2.1em&#8221; custom_margin=&#8221;1.4%|7%|||false|false&#8221; text_font_size_tablet=&#8221;&#8221; text_font_size_phone=&#8221;&#8221; text_font_size_last_edited=&#8221;on|desktop&#8221; global_colors_info=&#8221;{}&#8221;]<\/p>\n<p><span style=\"font-weight: 400;\"><strong>A\u00f1o:<\/strong> 2021<br \/><\/span><strong>Ubicaci\u00f3n:<\/strong> Guayaquil, Ecuador<br \/><strong>\u00c1rea \u00fatil proyectada:<\/strong> 966.90 m2<br \/><strong>\u00c1rea cubierta:<\/strong> 584.80 m2<br \/><strong>\u00c1rea total del terreno:<\/strong> 507.06 m2<br \/><strong>Tipo de proyecto:<\/strong> Residencial<br \/><strong>Estado del Proyecto:<\/strong> Dise\u00f1o<\/p>\n<p>[\/et_pb_text][et_pb_text _builder_version=&#8221;4.21.0&#8243; _module_preset=&#8221;default&#8221; text_font=&#8221;||||||||&#8221; text_font_size=&#8221;13px&#8221; text_line_height=&#8221;1.9em&#8221; custom_margin=&#8221;|7%|2vw||false|false&#8221; locked=&#8221;off&#8221; global_colors_info=&#8221;{}&#8221;]<\/p>\n<p><span style=\"font-weight: 400;\">El proyecto tiene como prop\u00f3sito principal proveer unidades habitacionales con amplias \u00e1reas verdes las cuales mejoren la calidad de vida de sus habitantes. Por medio de patios internos se logra iluminar y ventilar cada unidad. El condominio se encuentra compuesto de tres departamentos, dos de ellos duplex; la zona de parqueaderos y bodegas, y el \u00e1rea social comunitaria en la parte superior del edificio. Los departamentos responden a la tipolog\u00eda \u2018Town House\u2019. El \u00e1rea social y de servicios se encuentra ubicado hacia el sentido de la calle, mientras que la zona de habitaciones se encuentra orientada hacia el interior del terreno. Se busca que los patios sean los elementos de vinculaci\u00f3n y transici\u00f3n, mismos que ordenen y den forma a los espacios. Se crean relaciones visuales por medio de dobles alturas, y puentes de circulaci\u00f3n que los atraviesan. Por medio de desplazamientos utilizando la tipolog\u00eda de \u2018Mat\u2019, se logra que todas las unidades habitacionales cuenten con \u00e1reas exteriores independientes.\u00a0\u00a0\u00a0\u00a0<\/span><\/p>\n<p>[\/et_pb_text][\/et_pb_column][\/et_pb_row][et_pb_row use_custom_gutter=&#8221;on&#8221; gutter_width=&#8221;2&#8243; make_equal=&#8221;on&#8221; _builder_version=&#8221;4.21.0&#8243; _module_preset=&#8221;default&#8221; width=&#8221;100%&#8221; max_width=&#8221;100%&#8221; module_alignment=&#8221;center&#8221; custom_margin=&#8221;2%|0px|8vw|0px|false|false&#8221; custom_padding=&#8221;0px|0%|0px|0%|false|false&#8221; global_colors_info=&#8221;{}&#8221;][et_pb_column type=&#8221;4_4&#8243; _builder_version=&#8221;4.19.4&#8243; _module_preset=&#8221;default&#8221; global_colors_info=&#8221;{}&#8221;][et_pb_image src=&#8221;https:\/\/en-estudio.com\/wp-content\/uploads\/2023\/10\/LasLomas_Proyecto-Ceibos-001_C.jpg&#8221; title_text=&#8221;LasLomas_Proyecto-Ceibos-001_C&#8221; align=&#8221;center&#8221; _builder_version=&#8221;4.21.0&#8243; _module_preset=&#8221;default&#8221; width=&#8221;65%&#8221; hover_enabled=&#8221;0&#8243; global_colors_info=&#8221;{}&#8221; sticky_enabled=&#8221;0&#8243; max_width=&#8221;100%&#8221;][\/et_pb_image][et_pb_image src=&#8221;https:\/\/en-estudio.com\/wp-content\/uploads\/2023\/10\/LasLomas_Proyecto-Ceibos-002_C-scaled.jpg&#8221; title_text=&#8221;LasLomas_Proyecto-Ceibos-002_C&#8221; align=&#8221;center&#8221; _builder_version=&#8221;4.21.0&#8243; _module_preset=&#8221;default&#8221; width=&#8221;65%&#8221; global_colors_info=&#8221;{}&#8221;][\/et_pb_image][et_pb_image src=&#8221;https:\/\/en-estudio.com\/wp-content\/uploads\/2023\/10\/LasLomas_Posterior-Sq.jpg&#8221; title_text=&#8221;LasLomas_Posterior-Sq&#8221; align=&#8221;center&#8221; _builder_version=&#8221;4.21.0&#8243; _module_preset=&#8221;default&#8221; width=&#8221;65%&#8221; global_colors_info=&#8221;{}&#8221;][\/et_pb_image][et_pb_image src=&#8221;https:\/\/en-estudio.com\/wp-content\/uploads\/2023\/10\/LasLomas_Frontal.jpg&#8221; title_text=&#8221;LasLomas_Frontal&#8221; align=&#8221;center&#8221; _builder_version=&#8221;4.21.0&#8243; _module_preset=&#8221;default&#8221; width=&#8221;65%&#8221; min_height=&#8221;718.6px&#8221; global_colors_info=&#8221;{}&#8221;][\/et_pb_image][et_pb_image src=&#8221;https:\/\/en-estudio.com\/wp-content\/uploads\/2023\/10\/LasLomas_Esterno.jpg&#8221; title_text=&#8221;LasLomas_Esterno&#8221; align=&#8221;center&#8221; _builder_version=&#8221;4.21.0&#8243; _module_preset=&#8221;default&#8221; width=&#8221;65%&#8221; global_colors_info=&#8221;{}&#8221;][\/et_pb_image][et_pb_image src=&#8221;https:\/\/en-estudio.com\/wp-content\/uploads\/2023\/10\/LasLomas_Departamento-B.jpg&#8221; title_text=&#8221;LasLomas_Departamento-B&#8221; align=&#8221;center&#8221; _builder_version=&#8221;4.21.0&#8243; _module_preset=&#8221;default&#8221; width=&#8221;65%&#8221; global_colors_info=&#8221;{}&#8221;][\/et_pb_image][et_pb_image src=&#8221;https:\/\/en-estudio.com\/wp-content\/uploads\/2023\/10\/LasLomas-Habitacion-Modelo.jpg&#8221; title_text=&#8221;LasLomas-Habitacion-Modelo&#8221; align=&#8221;center&#8221; _builder_version=&#8221;4.21.0&#8243; _module_preset=&#8221;default&#8221; width=&#8221;65%&#8221; global_colors_info=&#8221;{}&#8221;][\/et_pb_image][\/et_pb_column][\/et_pb_row][\/et_pb_section][et_pb_section fb_built=&#8221;1&#8243; disabled_on=&#8221;off|off|on&#8221; _builder_version=&#8221;4.21.0&#8243; _module_preset=&#8221;default&#8221; background_color=&#8221;#eaeaea&#8221; custom_margin=&#8221;0px|0px|0px|0px|false|false&#8221; custom_margin_tablet=&#8221;0px|0px|0px|0px|false|false&#8221; custom_margin_phone=&#8221;0px|0px|0px|0px|false|false&#8221; custom_margin_last_edited=&#8221;on|desktop&#8221; custom_padding=&#8221;0%|0px|10%|0px|false|true&#8221; global_colors_info=&#8221;{}&#8221;][et_pb_row column_structure=&#8221;3_4,1_4&#8243; use_custom_gutter=&#8221;on&#8221; gutter_width=&#8221;2&#8243; _builder_version=&#8221;4.19.4&#8243; _module_preset=&#8221;default&#8221; width=&#8221;100%&#8221; module_alignment=&#8221;center&#8221; custom_margin=&#8221;0px|0px|51px|0px|false|false&#8221; custom_padding=&#8221;0px|0px|0px|0px|false|false&#8221; global_colors_info=&#8221;{}&#8221;][et_pb_column type=&#8221;3_4&#8243; _builder_version=&#8221;4.19.4&#8243; _module_preset=&#8221;default&#8221; global_colors_info=&#8221;{}&#8221;][et_pb_gallery gallery_ids=&#8221;136,135,133,134,139,137,138&#8243; fullwidth=&#8221;on&#8221; _builder_version=&#8221;4.21.0&#8243; _module_preset=&#8221;default&#8221; global_colors_info=&#8221;{}&#8221;][\/et_pb_gallery][et_pb_text _builder_version=&#8221;4.21.0&#8243; _module_preset=&#8221;default&#8221; header_font=&#8221;Cabin|700|||||||&#8221; header_font_size=&#8221;23px&#8221; header_line_height=&#8221;1.2em&#8221; custom_margin=&#8221;0px|4%|0%|4%|false|false&#8221; custom_padding=&#8221;0px||0px||false|false&#8221; locked=&#8221;off&#8221; global_colors_info=&#8221;{}&#8221;]<\/p>\n<div class=\"page\" title=\"Page 2\">\n<div class=\"layoutArea\">\n<div class=\"column\">\n<div class=\"page\" title=\"Page 2\">\n<div class=\"layoutArea\">\n<div class=\"column\">\n<h1>CONDOMINIO LAS LOMAS<\/h1>\n<\/div>\n<\/div>\n<\/div>\n<\/div>\n<\/div>\n<\/div>\n<p>[\/et_pb_text][et_pb_text _builder_version=&#8221;4.21.0&#8243; _module_preset=&#8221;default&#8221; text_font=&#8221;||||||||&#8221; text_line_height=&#8221;2.1em&#8221; custom_margin=&#8221;4.7%|4%||4%|false|false&#8221; locked=&#8221;off&#8221; global_colors_info=&#8221;{}&#8221;]<\/p>\n<p><span style=\"font-weight: 400;\"><strong>A\u00f1o:<\/strong> 2021<br \/><\/span><strong>Ubicaci\u00f3n:<\/strong> Guayaquil, Ecuador<br \/><strong>\u00c1rea \u00fatil proyectada:<\/strong> 966.90 m2<br \/><strong>\u00c1rea cubierta:<\/strong> 584.80 m2<br \/><strong>\u00c1rea total del terreno:<\/strong> 507.06 m2<br \/><strong>Tipo de proyecto:<\/strong> Residencial<br \/><strong>Estado del Proyecto:<\/strong> Dise\u00f1o<\/p>\n<p>[\/et_pb_text][\/et_pb_column][et_pb_column type=&#8221;1_4&#8243; _builder_version=&#8221;4.19.4&#8243; _module_preset=&#8221;default&#8221; custom_padding=&#8221;|0px|0px|0px|false|true&#8221; custom_padding_tablet=&#8221;|0px|0px|0px|false|true&#8221; custom_padding_phone=&#8221;|0px|0px|0px|false|true&#8221; custom_padding_last_edited=&#8221;on|desktop&#8221; global_colors_info=&#8221;{}&#8221;][et_pb_text _builder_version=&#8221;4.21.0&#8243; _module_preset=&#8221;default&#8221; text_font=&#8221;||||||||&#8221; text_line_height=&#8221;1.9em&#8221; custom_margin=&#8221;-8px|4%||4%|false|false&#8221; locked=&#8221;off&#8221; global_colors_info=&#8221;{}&#8221;]<\/p>\n<p><span style=\"font-weight: 400;\">El proyecto tiene como prop\u00f3sito principal proveer unidades habitacionales con amplias \u00e1reas verdes las cuales mejoren la calidad de vida de sus habitantes. Por medio de patios internos se logra iluminar y ventilar cada unidad. El condominio se encuentra compuesto de tres departamentos, dos de ellos duplex; la zona de parqueaderos y bodegas, y el \u00e1rea social comunitaria en la parte superior del edificio. Los departamentos responden a la tipolog\u00eda \u2018Town House\u2019. El \u00e1rea social y de servicios se encuentra ubicado hacia el sentido de la calle, mientras que la zona de habitaciones se encuentra orientada hacia el interior del terreno. Se busca que los patios sean los elementos de vinculaci\u00f3n y transici\u00f3n, mismos que ordenen y den forma a los espacios. Se crean relaciones visuales por medio de dobles alturas, y puentes de circulaci\u00f3n que los atraviesan. Por medio de desplazamientos utilizando la tipolog\u00eda de \u2018Mat\u2019, se logra que todas las unidades habitacionales cuenten con \u00e1reas exteriores independientes.\u00a0\u00a0\u00a0\u00a0<\/span><\/p>\n<p>[\/et_pb_text][\/et_pb_column][\/et_pb_row][\/et_pb_section]<\/p>\n","protected":false},"excerpt":{"rendered":"<p>CONDOMINIO LAS LOMAS A\u00f1o: 2021Ubicaci\u00f3n: Guayaquil, Ecuador\u00c1rea \u00fatil proyectada: 966.90 m2\u00c1rea cubierta: 584.80 m2\u00c1rea total del terreno: 507.06 m2Tipo de proyecto: ResidencialEstado del Proyecto: Dise\u00f1oEl proyecto tiene como prop\u00f3sito principal proveer unidades habitacionales con amplias \u00e1reas verdes las cuales mejoren la calidad de vida de sus habitantes. Por medio de patios internos se logra iluminar [&hellip;]<\/p>\n","protected":false},"author":1,"featured_media":0,"parent":0,"menu_order":0,"comment_status":"closed","ping_status":"closed","template":"","meta":{"_et_pb_use_builder":"on","_et_pb_old_content":"","_et_gb_content_width":"","footnotes":""},"_links":{"self":[{"href":"https:\/\/en-estudio.com\/index.php\/wp-json\/wp\/v2\/pages\/130"}],"collection":[{"href":"https:\/\/en-estudio.com\/index.php\/wp-json\/wp\/v2\/pages"}],"about":[{"href":"https:\/\/en-estudio.com\/index.php\/wp-json\/wp\/v2\/types\/page"}],"author":[{"embeddable":true,"href":"https:\/\/en-estudio.com\/index.php\/wp-json\/wp\/v2\/users\/1"}],"replies":[{"embeddable":true,"href":"https:\/\/en-estudio.com\/index.php\/wp-json\/wp\/v2\/comments?post=130"}],"version-history":[{"count":21,"href":"https:\/\/en-estudio.com\/index.php\/wp-json\/wp\/v2\/pages\/130\/revisions"}],"predecessor-version":[{"id":448,"href":"https:\/\/en-estudio.com\/index.php\/wp-json\/wp\/v2\/pages\/130\/revisions\/448"}],"wp:attachment":[{"href":"https:\/\/en-estudio.com\/index.php\/wp-json\/wp\/v2\/media?parent=130"}],"curies":[{"name":"wp","href":"https:\/\/api.w.org\/{rel}","templated":true}]}}