{"id":100,"date":"2023-10-02T07:37:36","date_gmt":"2023-10-02T07:37:36","guid":{"rendered":"https:\/\/en-estudio.com\/?page_id=100"},"modified":"2023-10-11T17:50:04","modified_gmt":"2023-10-11T17:50:04","slug":"residencia-wyd","status":"publish","type":"page","link":"https:\/\/en-estudio.com\/index.php\/residencia-wyd\/","title":{"rendered":"Residencia WYD"},"content":{"rendered":"<p>[et_pb_section fb_built=&#8221;1&#8243; disabled_on=&#8221;on|on|off&#8221; _builder_version=&#8221;4.21.0&#8243; _module_preset=&#8221;default&#8221; custom_margin=&#8221;|0px|0px|0px|false|false&#8221; custom_margin_tablet=&#8221;0px|0px|0px|0px|false|false&#8221; custom_margin_phone=&#8221;0px|0px|0px|0px|false|false&#8221; custom_margin_last_edited=&#8221;on|desktop&#8221; custom_padding=&#8221;3%|3%|10%|10%|false|false&#8221; global_colors_info=&#8221;{}&#8221; sticky_enabled=&#8221;0&#8243; background_color=&#8221;#ffffff&#8221; background_image=&#8221;https:\/\/en-estudio.com\/wp-content\/uploads\/2023\/10\/Mesa-de-trabajo-2_1fondo2.png&#8221; background_size=&#8221;custom&#8221; background_repeat=&#8221;repeat-y&#8221; background_position=&#8221;bottom_right&#8221; background_image_width=&#8221;36%&#8221;][et_pb_row _builder_version=&#8221;4.21.0&#8243; _module_preset=&#8221;default&#8221; custom_margin=&#8221;0px|0px|0px|0px|false|false&#8221; custom_padding=&#8221;0px|0%|0px|0%|false|false&#8221; global_colors_info=&#8221;{}&#8221; disabled_on=&#8221;on|on|off&#8221; use_custom_gutter=&#8221;on&#8221; gutter_width=&#8221;2&#8243; make_equal=&#8221;on&#8221; width=&#8221;65%&#8221; max_width=&#8221;100%&#8221; module_alignment=&#8221;center&#8221;][et_pb_column type=&#8221;4_4&#8243; _builder_version=&#8221;4.21.0&#8243; _module_preset=&#8221;default&#8221; global_colors_info=&#8221;{}&#8221;][et_pb_button button_url=&#8221;https:\/\/en-estudio.com\/index.php\/proyectos\/&#8221; button_text=&#8221;PROYECTOS&#8221; _builder_version=&#8221;4.21.0&#8243; _module_preset=&#8221;default&#8221; custom_button=&#8221;on&#8221; button_text_size=&#8221;13px&#8221; button_text_color=&#8221;#999999&#8243; button_bg_color=&#8221;RGBA(255,255,255,0)&#8221; button_border_color=&#8221;RGBA(255,255,255,0)&#8221; button_font=&#8221;Almarai||||||||&#8221; button_icon=&#8221;&#x23;||divi||400&#8243; button_icon_color=&#8221;#000000&#8243; button_icon_placement=&#8221;left&#8221; button_on_hover=&#8221;off&#8221; custom_margin=&#8221;-7px|0px|4.7%|2%|false|false&#8221; custom_padding=&#8221;0px|0px|0px|0px|false|false&#8221; locked=&#8221;off&#8221; global_colors_info=&#8221;{}&#8221;][\/et_pb_button][et_pb_text _builder_version=&#8221;4.21.0&#8243; _module_preset=&#8221;default&#8221; header_font=&#8221;Almarai|700|||||||&#8221; header_font_size=&#8221;25px&#8221; header_line_height=&#8221;1.2em&#8221; min_height=&#8221;39.4px&#8221; custom_margin=&#8221;1px||-1px||false|false&#8221; custom_padding=&#8221;0px||0px||false|false&#8221; locked=&#8221;off&#8221; global_colors_info=&#8221;{}&#8221;]<\/p>\n<div class=\"page\" title=\"Page 2\">\n<div class=\"layoutArea\">\n<div class=\"column\">\n<div class=\"page\" title=\"Page 2\">\n<div class=\"layoutArea\">\n<div class=\"column\">\n<h1>RESIDENCIA WYD<\/h1>\n<\/div>\n<\/div>\n<\/div>\n<\/div>\n<\/div>\n<\/div>\n<p>[\/et_pb_text][et_pb_text _builder_version=&#8221;4.21.0&#8243; _module_preset=&#8221;default&#8221; text_font=&#8221;||||||||&#8221; text_line_height=&#8221;2.1em&#8221; custom_margin=&#8221;1.4%|7%|||false|false&#8221; global_colors_info=&#8221;{}&#8221;]<\/p>\n<p><span style=\"font-weight: 400;\"><strong> A\u00f1o:<\/strong> 2021<br \/><\/span><strong>Ubicaci\u00f3n:<\/strong> Santa Elena, Ecuador<br \/><strong>\u00c1rea \u00fatil de construcci\u00f3n:<\/strong> 700.19 m2<br \/><strong>\u00c1rea total del terreno:<\/strong> 935.40 m2<br \/><strong>Tipo de proyecto:<\/strong> Residencial<br \/><strong>Estado del Proyecto:<\/strong> Dise\u00f1o<\/p>\n<p>[\/et_pb_text][et_pb_text _builder_version=&#8221;4.21.0&#8243; _module_preset=&#8221;default&#8221; text_font=&#8221;||||||||&#8221; text_font_size=&#8221;13px&#8221; text_line_height=&#8221;1.9em&#8221; custom_margin=&#8221;|7%|||false|false&#8221; locked=&#8221;off&#8221; global_colors_info=&#8221;{}&#8221;]<\/p>\n<p><span style=\"font-weight: 400;\">El proyecto se encuentra ubicado en la zona de Punta Blanca, localizado en un terreno de esquina adyacente al mar. Por la morfolog\u00eda del terreno, se busca adaptar el dise\u00f1o para aprovechar de mejor manera la espacialidad, vistas y necesidades del cliente. El proyecto se encuentra compuesto por dos elementos, el primero un Pivote, en donde se desarrolla la vida m\u00e1s \u00edntima de la familia, y un segundo elemento independiente la casa de invitados, ambos elementos se unifican por medio de las \u00e1reas sociales. La residencia familiar se desarrolla por medio de espacios de doble y triple altura, jardiner\u00edas y espacios comunes que buscan entregarle dinamismo a la ocupaci\u00f3n del usuario. El espacio exterior funciona como anclaje visual de los espacios sociales de ambas casas, todas las habitaciones buscan su mirada hacia el mar, por lo cual se desarrolla un gran balc\u00f3n continuo que logre captar la mayor cantidad de visuales e iluminaci\u00f3n natural.<\/span><\/p>\n<p>[\/et_pb_text][\/et_pb_column][\/et_pb_row][et_pb_row use_custom_gutter=&#8221;on&#8221; gutter_width=&#8221;2&#8243; make_equal=&#8221;on&#8221; _builder_version=&#8221;4.21.0&#8243; _module_preset=&#8221;default&#8221; width=&#8221;100%&#8221; max_width=&#8221;100%&#8221; module_alignment=&#8221;center&#8221; custom_margin=&#8221;0px|0px|0px|0px|false|false&#8221; custom_padding=&#8221;3%|0px|0px|0px|false|false&#8221; global_colors_info=&#8221;{}&#8221;][et_pb_column type=&#8221;4_4&#8243; _builder_version=&#8221;4.19.4&#8243; _module_preset=&#8221;default&#8221; global_colors_info=&#8221;{}&#8221;][et_pb_image src=&#8221;https:\/\/en-estudio.com\/wp-content\/uploads\/2023\/10\/ProyectoPBlanca_9.jpg&#8221; title_text=&#8221;ProyectoPBlanca_9&#8243; _builder_version=&#8221;4.21.0&#8243; _module_preset=&#8221;default&#8221; global_colors_info=&#8221;{}&#8221; align=&#8221;center&#8221; width=&#8221;65%&#8221;][\/et_pb_image][et_pb_image src=&#8221;https:\/\/en-estudio.com\/wp-content\/uploads\/2023\/10\/ProyectoPBlanca_7.jpg&#8221; title_text=&#8221;ProyectoPBlanca_7&#8243; _builder_version=&#8221;4.21.0&#8243; _module_preset=&#8221;default&#8221; global_colors_info=&#8221;{}&#8221; align=&#8221;center&#8221; width=&#8221;65%&#8221;][\/et_pb_image][et_pb_image src=&#8221;https:\/\/en-estudio.com\/wp-content\/uploads\/2023\/10\/ProyectoPBlanca_3.jpg&#8221; title_text=&#8221;ProyectoPBlanca_3&#8243; disabled_on=&#8221;on|on|off&#8221; _builder_version=&#8221;4.21.0&#8243; _module_preset=&#8221;default&#8221; global_colors_info=&#8221;{}&#8221; align=&#8221;center&#8221; width=&#8221;65%&#8221;][\/et_pb_image][et_pb_image src=&#8221;https:\/\/en-estudio.com\/wp-content\/uploads\/2023\/10\/ProyectoPBlanca_5.jpg&#8221; title_text=&#8221;ProyectoPBlanca_5&#8243; _builder_version=&#8221;4.21.0&#8243; _module_preset=&#8221;default&#8221; global_colors_info=&#8221;{}&#8221; align=&#8221;center&#8221; width=&#8221;65%&#8221;][\/et_pb_image][et_pb_image src=&#8221;https:\/\/en-estudio.com\/wp-content\/uploads\/2023\/10\/ProyectoPBlanca_4.jpg&#8221; title_text=&#8221;ProyectoPBlanca_4&#8243; _builder_version=&#8221;4.21.0&#8243; _module_preset=&#8221;default&#8221; global_colors_info=&#8221;{}&#8221; align=&#8221;center&#8221; width=&#8221;65%&#8221;][\/et_pb_image][et_pb_image src=&#8221;https:\/\/en-estudio.com\/wp-content\/uploads\/2023\/10\/ProyectoPBlanca_1.jpg&#8221; title_text=&#8221;ProyectoPBlanca_1&#8243; _builder_version=&#8221;4.21.0&#8243; _module_preset=&#8221;default&#8221; global_colors_info=&#8221;{}&#8221; align=&#8221;center&#8221; width=&#8221;65%&#8221;][\/et_pb_image][et_pb_image src=&#8221;https:\/\/en-estudio.com\/wp-content\/uploads\/2023\/10\/ProyectoPBlanca_2.jpg&#8221; title_text=&#8221;ProyectoPBlanca_2&#8243; _builder_version=&#8221;4.21.0&#8243; _module_preset=&#8221;default&#8221; global_colors_info=&#8221;{}&#8221; align=&#8221;center&#8221; width=&#8221;65%&#8221;][\/et_pb_image][\/et_pb_column][\/et_pb_row][\/et_pb_section][et_pb_section fb_built=&#8221;1&#8243; disabled_on=&#8221;off|off|on&#8221; _builder_version=&#8221;4.21.0&#8243; _module_preset=&#8221;default&#8221; background_color=&#8221;#eaeaea&#8221; custom_margin=&#8221;0px|0px|0px|0px|false|false&#8221; custom_margin_tablet=&#8221;0px|0px|0px|0px|false|false&#8221; custom_margin_phone=&#8221;0px|0px|0px|0px|false|false&#8221; custom_margin_last_edited=&#8221;on|desktop&#8221; custom_padding=&#8221;0%|0px|10%|0px|false|true&#8221; global_colors_info=&#8221;{}&#8221;][et_pb_row column_structure=&#8221;3_4,1_4&#8243; use_custom_gutter=&#8221;on&#8221; gutter_width=&#8221;2&#8243; _builder_version=&#8221;4.19.4&#8243; _module_preset=&#8221;default&#8221; width=&#8221;100%&#8221; module_alignment=&#8221;center&#8221; custom_margin=&#8221;0px|0px|51px|0px|false|false&#8221; custom_padding=&#8221;0px|0px|0px|0px|false|false&#8221; global_colors_info=&#8221;{}&#8221;][et_pb_column type=&#8221;3_4&#8243; _builder_version=&#8221;4.19.4&#8243; _module_preset=&#8221;default&#8221; global_colors_info=&#8221;{}&#8221;][et_pb_gallery gallery_ids=&#8221;108,106,105,104,103,110,109&#8243; fullwidth=&#8221;on&#8221; _builder_version=&#8221;4.21.0&#8243; _module_preset=&#8221;default&#8221; global_colors_info=&#8221;{}&#8221;][\/et_pb_gallery][et_pb_text _builder_version=&#8221;4.21.0&#8243; _module_preset=&#8221;default&#8221; header_font=&#8221;Cabin|700|||||||&#8221; header_font_size=&#8221;23px&#8221; header_line_height=&#8221;1.2em&#8221; custom_margin=&#8221;0px|4%|0%|4%|false|false&#8221; custom_padding=&#8221;0px||0px||false|false&#8221; locked=&#8221;off&#8221; global_colors_info=&#8221;{}&#8221;]<\/p>\n<div class=\"page\" title=\"Page 2\">\n<div class=\"layoutArea\">\n<div class=\"column\">\n<div class=\"page\" title=\"Page 2\">\n<div class=\"layoutArea\">\n<div class=\"column\">\n<h1>RESIDENCIA WYD<\/h1>\n<\/div>\n<\/div>\n<\/div>\n<\/div>\n<\/div>\n<\/div>\n<p>[\/et_pb_text][et_pb_text _builder_version=&#8221;4.21.0&#8243; _module_preset=&#8221;default&#8221; text_font=&#8221;||||||||&#8221; text_line_height=&#8221;2.1em&#8221; custom_margin=&#8221;4.7%|4%||4%|false|false&#8221; locked=&#8221;off&#8221; global_colors_info=&#8221;{}&#8221;]<\/p>\n<p><span style=\"font-weight: 400;\"><strong>A\u00f1o:<\/strong> 2021<br \/><\/span><strong>Ubicaci\u00f3n:<\/strong> Santa Elena, Ecuador<br \/><strong>\u00c1rea \u00fatil de construcci\u00f3n:<\/strong> 700.19 m2<br \/><strong>\u00c1rea total del terreno:<\/strong> 935.40 m2<br \/><strong>Tipo de proyecto:<\/strong> Residencial<br \/><strong>Estado del Proyecto:<\/strong> Dise\u00f1o<\/p>\n<p>[\/et_pb_text][\/et_pb_column][et_pb_column type=&#8221;1_4&#8243; _builder_version=&#8221;4.19.4&#8243; _module_preset=&#8221;default&#8221; custom_padding=&#8221;|0px|0px|0px|false|true&#8221; custom_padding_tablet=&#8221;|0px|0px|0px|false|true&#8221; custom_padding_phone=&#8221;|0px|0px|0px|false|true&#8221; custom_padding_last_edited=&#8221;on|desktop&#8221; global_colors_info=&#8221;{}&#8221;][et_pb_text _builder_version=&#8221;4.21.0&#8243; _module_preset=&#8221;default&#8221; text_font=&#8221;||||||||&#8221; text_line_height=&#8221;1.9em&#8221; custom_margin=&#8221;-8px|4%||4%|false|false&#8221; locked=&#8221;off&#8221; global_colors_info=&#8221;{}&#8221;]<\/p>\n<p><span style=\"font-weight: 400;\">El proyecto se encuentra ubicado en la zona de Punta Blanca, localizado en un terreno de esquina adyacente al mar. Por la morfolog\u00eda del terreno, se busca adaptar el dise\u00f1o para aprovechar de mejor manera la espacialidad, vistas y necesidades del cliente. El proyecto se encuentra compuesto por dos elementos, el primero un Pivote, en donde se desarrolla la vida m\u00e1s \u00edntima de la familia, y un segundo elemento independiente la casa de invitados, ambos elementos se unifican por medio de las \u00e1reas sociales. La residencia familiar se desarrolla por medio de espacios de doble y triple altura, jardiner\u00edas y espacios comunes que buscan entregarle dinamismo a la ocupaci\u00f3n del usuario. El espacio exterior funciona como anclaje visual de los espacios sociales de ambas casas, todas las habitaciones buscan su mirada hacia el mar, por lo cual se desarrolla un gran balc\u00f3n continuo que logre captar la mayor cantidad de visuales e iluminaci\u00f3n natural.<\/span><\/p>\n<p>[\/et_pb_text][\/et_pb_column][\/et_pb_row][\/et_pb_section]<\/p>\n","protected":false},"excerpt":{"rendered":"<p>RESIDENCIA WYD A\u00f1o: 2021Ubicaci\u00f3n: Santa Elena, Ecuador\u00c1rea \u00fatil de construcci\u00f3n: 700.19 m2\u00c1rea total del terreno: 935.40 m2Tipo de proyecto: ResidencialEstado del Proyecto: Dise\u00f1oEl proyecto se encuentra ubicado en la zona de Punta Blanca, localizado en un terreno de esquina adyacente al mar. Por la morfolog\u00eda del terreno, se busca adaptar el dise\u00f1o para aprovechar de [&hellip;]<\/p>\n","protected":false},"author":1,"featured_media":0,"parent":0,"menu_order":0,"comment_status":"closed","ping_status":"closed","template":"","meta":{"_et_pb_use_builder":"on","_et_pb_old_content":"","_et_gb_content_width":"","footnotes":""},"_links":{"self":[{"href":"https:\/\/en-estudio.com\/index.php\/wp-json\/wp\/v2\/pages\/100"}],"collection":[{"href":"https:\/\/en-estudio.com\/index.php\/wp-json\/wp\/v2\/pages"}],"about":[{"href":"https:\/\/en-estudio.com\/index.php\/wp-json\/wp\/v2\/types\/page"}],"author":[{"embeddable":true,"href":"https:\/\/en-estudio.com\/index.php\/wp-json\/wp\/v2\/users\/1"}],"replies":[{"embeddable":true,"href":"https:\/\/en-estudio.com\/index.php\/wp-json\/wp\/v2\/comments?post=100"}],"version-history":[{"count":16,"href":"https:\/\/en-estudio.com\/index.php\/wp-json\/wp\/v2\/pages\/100\/revisions"}],"predecessor-version":[{"id":382,"href":"https:\/\/en-estudio.com\/index.php\/wp-json\/wp\/v2\/pages\/100\/revisions\/382"}],"wp:attachment":[{"href":"https:\/\/en-estudio.com\/index.php\/wp-json\/wp\/v2\/media?parent=100"}],"curies":[{"name":"wp","href":"https:\/\/api.w.org\/{rel}","templated":true}]}}